{"id":294,"date":"2026-05-08T07:39:36","date_gmt":"2026-05-08T07:39:36","guid":{"rendered":"https:\/\/freerangekids.pl\/?page_id=294"},"modified":"2026-05-08T14:44:04","modified_gmt":"2026-05-08T14:44:04","slug":"formularz-2","status":"publish","type":"page","link":"https:\/\/freerangekids.pl\/index.php\/formularz-2\/","title":{"rendered":"formularz"},"content":{"rendered":"<p>[et_pb_section fb_built=&#8221;1&#8243; _builder_version=&#8221;4.27.6&#8243; _module_preset=&#8221;default&#8221; global_colors_info=&#8221;{}&#8221;][et_pb_row column_structure=&#8221;1_2,1_2&#8243; _builder_version=&#8221;4.27.6&#8243; _module_preset=&#8221;default&#8221; global_colors_info=&#8221;{}&#8221;][et_pb_column type=&#8221;1_2&#8243; _builder_version=&#8221;4.27.6&#8243; _module_preset=&#8221;default&#8221; global_colors_info=&#8221;{}&#8221;][et_pb_contact_form email=&#8221;redsylwia@wp.pl&#8221; custom_message=&#8221;hej tu formularz z free range kids sprawd\u017a mnie &#8221; success_message=&#8221;Wiadomo\u015b\u0107 zosta\u0142a przes\u0142ana, dzi\u0119kujmy!&#8221; submit_button_text_tablet=&#8221;&#8221; submit_button_text_phone=&#8221;&#8221; submit_button_text_last_edited=&#8221;on|tablet&#8221; _builder_version=&#8221;4.27.6&#8243; _module_preset=&#8221;default&#8221; _unique_id=&#8221;b2261e4d-9e85-42dd-bd35-89b29cc247a1&#8243; global_colors_info=&#8221;{}&#8221;][et_pb_contact_field field_id=&#8221;Field_3&#8243; field_title=&#8221;imi\u0119 i nazwisko&#8221; fullwidth_field=&#8221;on&#8221; _builder_version=&#8221;4.27.6&#8243; _module_preset=&#8221;default&#8221; global_colors_info=&#8221;{}&#8221;][\/et_pb_contact_field][et_pb_contact_field field_id=&#8221;wiek&#8221; field_title=&#8221;wiek dziecka&#8221; fullwidth_field=&#8221;on&#8221; _builder_version=&#8221;4.27.6&#8243; _module_preset=&#8221;default&#8221; global_colors_info=&#8221;{}&#8221;][\/et_pb_contact_field][et_pb_contact_field field_id=&#8221;numer_telefonu&#8221; field_title=&#8221;numer telefonu&#8221; fullwidth_field=&#8221;on&#8221; _builder_version=&#8221;4.27.6&#8243; _module_preset=&#8221;default&#8221; global_colors_info=&#8221;{}&#8221;][\/et_pb_contact_field][et_pb_contact_field field_id=&#8221;wybierz_turnus&#8221; field_title=&#8221;wybierz turnus&#8221; field_type=&#8221;checkbox&#8221; checkbox_options=&#8221;%91{%22value%22:%22%22,%22checked%22:0,%22dragID%22:-1},{%22value%22:%22%22,%22checked%22:0,%22dragID%22:0},{%22value%22:%22%22,%22checked%22:0,%22dragID%22:1},{%22value%22:%22%22,%22checked%22:0,%22dragID%22:2},{%22value%22:%22%22,%22checked%22:0,%22dragID%22:3}%93&#8243; required_mark=&#8221;off&#8221; fullwidth_field=&#8221;on&#8221; _builder_version=&#8221;4.27.6&#8243; _module_preset=&#8221;default&#8221; global_colors_info=&#8221;{}&#8221;][\/et_pb_contact_field][et_pb_contact_field field_id=&#8221;wiadomo\u015b\u0107&#8221; field_title=&#8221;wiadomo\u015b\u0107 &#8221; required_mark=&#8221;off&#8221; fullwidth_field=&#8221;on&#8221; _builder_version=&#8221;4.27.6&#8243; _module_preset=&#8221;default&#8221; global_colors_info=&#8221;{}&#8221;][\/et_pb_contact_field][\/et_pb_contact_form][\/et_pb_column][et_pb_column type=&#8221;1_2&#8243; _builder_version=&#8221;4.27.6&#8243; _module_preset=&#8221;default&#8221; global_colors_info=&#8221;{}&#8221;][et_pb_image src=&#8221;http:\/\/freerangekids.pl\/wp-content\/uploads\/2026\/05\/komputer.png&#8221; title_text=&#8221;komputer&#8221; _builder_version=&#8221;4.27.6&#8243; _module_preset=&#8221;default&#8221; hover_enabled=&#8221;0&#8243; global_colors_info=&#8221;{}&#8221; sticky_enabled=&#8221;0&#8243;][\/et_pb_image][\/et_pb_column][\/et_pb_row][\/et_pb_section]<\/p>\n","protected":false},"excerpt":{"rendered":"","protected":false},"author":1,"featured_media":0,"parent":0,"menu_order":0,"comment_status":"closed","ping_status":"closed","template":"","meta":{"_et_pb_use_builder":"on","_et_pb_old_content":"","_et_gb_content_width":"","footnotes":""},"class_list":["post-294","page","type-page","status-publish","hentry"],"_links":{"self":[{"href":"https:\/\/freerangekids.pl\/index.php\/wp-json\/wp\/v2\/pages\/294","targetHints":{"allow":["GET"]}}],"collection":[{"href":"https:\/\/freerangekids.pl\/index.php\/wp-json\/wp\/v2\/pages"}],"about":[{"href":"https:\/\/freerangekids.pl\/index.php\/wp-json\/wp\/v2\/types\/page"}],"author":[{"embeddable":true,"href":"https:\/\/freerangekids.pl\/index.php\/wp-json\/wp\/v2\/users\/1"}],"replies":[{"embeddable":true,"href":"https:\/\/freerangekids.pl\/index.php\/wp-json\/wp\/v2\/comments?post=294"}],"version-history":[{"count":10,"href":"https:\/\/freerangekids.pl\/index.php\/wp-json\/wp\/v2\/pages\/294\/revisions"}],"predecessor-version":[{"id":319,"href":"https:\/\/freerangekids.pl\/index.php\/wp-json\/wp\/v2\/pages\/294\/revisions\/319"}],"wp:attachment":[{"href":"https:\/\/freerangekids.pl\/index.php\/wp-json\/wp\/v2\/media?parent=294"}],"curies":[{"name":"wp","href":"https:\/\/api.w.org\/{rel}","templated":true}]}}