{"id":234,"date":"2026-05-07T21:03:14","date_gmt":"2026-05-07T21:03:14","guid":{"rendered":"https:\/\/freerangekids.pl\/?page_id=234"},"modified":"2026-05-07T21:05:07","modified_gmt":"2026-05-07T21:05:07","slug":"sielski-angielski","status":"publish","type":"page","link":"https:\/\/freerangekids.pl\/index.php\/sielski-angielski\/","title":{"rendered":"sielski angielski"},"content":{"rendered":"<p>[et_pb_section fb_built=&#8221;1&#8243; theme_builder_area=&#8221;post_content&#8221; _builder_version=&#8221;4.27.6&#8243; _module_preset=&#8221;default&#8221;][et_pb_row _builder_version=&#8221;4.27.6&#8243; _module_preset=&#8221;default&#8221; theme_builder_area=&#8221;post_content&#8221;][et_pb_column _builder_version=&#8221;4.27.6&#8243; _module_preset=&#8221;default&#8221; type=&#8221;4_4&#8243; theme_builder_area=&#8221;post_content&#8221;][et_pb_text _builder_version=&#8221;4.27.6&#8243; _module_preset=&#8221;default&#8221; theme_builder_area=&#8221;post_content&#8221; hover_enabled=&#8221;0&#8243; sticky_enabled=&#8221;0&#8243;]<\/p>\n<p style=\"text-align: justify;\"><span>Idea nauki j\u0119zyka angielskiego na p\u00f3\u0142koloniach Free Range Kids istnia\u0142a od pocz\u0105tku. Jestem nauczycielem j\u0119zyka angielskiego, postanowi\u0142am, wi\u0119c wykorzysta\u0107 swoj\u0105 wiedz\u0119 i do\u015bwiadczenie.\u00a0 Staram si\u0119 jednocze\u015bnie zara\u017ca\u0107 dzieci uwielbieniem i szacunkiem do przyrody. Okres wakacyjny, pozytywne nastawienie , s\u0142o\u0144ce sprzyjaj\u0105 dobrej zabawie, ale poprzez do\u015bwiadczanie, zaanga\u017cowanie i wsp\u00f3\u0142prac\u0119 mo\u017cemy si\u0119 tak\u017ce uczy\u0107,\u00a0nie koniecznie o tym wiedz\u0105c:)<\/span><\/p>\n<div style=\"text-align: justify;\">Zale\u017cy mi na tym, aby dzieci czu\u0142y si\u0119 u nas swobodnie, dbamy o relacje w grupie. Wierzymy, \u017ce poprzez poczucie &#8222;bycia razem&#8221;otwieraj\u0105 si\u0119 i zwi\u0119kszaj\u0105 si\u0119 ich zdolno\u015bci poznawcze. W takich warunkach zanurzamy dzieci w j\u0119zyku angielskim. Przestaj\u0105 ba\u0107 si\u0119 m\u00f3wi\u0107, pope\u0142nia\u0107 b\u0142\u0119dy. Cudownie jest obserwowa\u0107 jak w naturalny spos\u00f3b ch\u0142on\u0105\u00a0j\u0119zyk, kiedy nie s\u0105 poddawane ocenie i presji stopni.\u00a0<\/div>\n<p style=\"text-align: justify;\">[\/et_pb_text][\/et_pb_column][\/et_pb_row][et_pb_row _builder_version=&#8221;4.27.6&#8243; _module_preset=&#8221;default&#8221; column_structure=&#8221;1_2,1_2&#8243; theme_builder_area=&#8221;post_content&#8221;][et_pb_column _builder_version=&#8221;4.27.6&#8243; _module_preset=&#8221;default&#8221; type=&#8221;1_2&#8243; theme_builder_area=&#8221;post_content&#8221;][\/et_pb_column][et_pb_column _builder_version=&#8221;4.27.6&#8243; _module_preset=&#8221;default&#8221; type=&#8221;1_2&#8243; theme_builder_area=&#8221;post_content&#8221;][et_pb_image src=&#8221;http:\/\/freerangekids.pl\/wp-content\/uploads\/2026\/04\/rysunek5-scaled-e1778186524461.png&#8221; _builder_version=&#8221;4.27.6&#8243; _module_preset=&#8221;default&#8221; theme_builder_area=&#8221;post_content&#8221; title_text=&#8221;freerangeeazugustow&#8221; hover_enabled=&#8221;0&#8243; sticky_enabled=&#8221;0&#8243;][\/et_pb_image][\/et_pb_column][\/et_pb_row][\/et_pb_section]<\/p>\n","protected":false},"excerpt":{"rendered":"<p>Idea nauki j\u0119zyka angielskiego na p\u00f3\u0142koloniach Free Range Kids istnia\u0142a od pocz\u0105tku. Jestem nauczycielem j\u0119zyka angielskiego, postanowi\u0142am, wi\u0119c wykorzysta\u0107 swoj\u0105 wiedz\u0119 i do\u015bwiadczenie.\u00a0 Staram si\u0119 jednocze\u015bnie zara\u017ca\u0107 dzieci uwielbieniem i szacunkiem do przyrody. Okres wakacyjny, pozytywne nastawienie , s\u0142o\u0144ce sprzyjaj\u0105 dobrej zabawie, ale poprzez do\u015bwiadczanie, zaanga\u017cowanie i wsp\u00f3\u0142prac\u0119 mo\u017cemy si\u0119 tak\u017ce uczy\u0107,\u00a0nie koniecznie o tym [&hellip;]<\/p>\n","protected":false},"author":1,"featured_media":0,"parent":0,"menu_order":0,"comment_status":"closed","ping_status":"closed","template":"","meta":{"_et_pb_use_builder":"on","_et_pb_old_content":"","_et_gb_content_width":"","footnotes":""},"class_list":["post-234","page","type-page","status-publish","hentry"],"_links":{"self":[{"href":"https:\/\/freerangekids.pl\/index.php\/wp-json\/wp\/v2\/pages\/234","targetHints":{"allow":["GET"]}}],"collection":[{"href":"https:\/\/freerangekids.pl\/index.php\/wp-json\/wp\/v2\/pages"}],"about":[{"href":"https:\/\/freerangekids.pl\/index.php\/wp-json\/wp\/v2\/types\/page"}],"author":[{"embeddable":true,"href":"https:\/\/freerangekids.pl\/index.php\/wp-json\/wp\/v2\/users\/1"}],"replies":[{"embeddable":true,"href":"https:\/\/freerangekids.pl\/index.php\/wp-json\/wp\/v2\/comments?post=234"}],"version-history":[{"count":3,"href":"https:\/\/freerangekids.pl\/index.php\/wp-json\/wp\/v2\/pages\/234\/revisions"}],"predecessor-version":[{"id":240,"href":"https:\/\/freerangekids.pl\/index.php\/wp-json\/wp\/v2\/pages\/234\/revisions\/240"}],"wp:attachment":[{"href":"https:\/\/freerangekids.pl\/index.php\/wp-json\/wp\/v2\/media?parent=234"}],"curies":[{"name":"wp","href":"https:\/\/api.w.org\/{rel}","templated":true}]}}