{"id":221,"date":"2026-05-07T20:53:40","date_gmt":"2026-05-07T20:53:40","guid":{"rendered":"https:\/\/freerangekids.pl\/?page_id=221"},"modified":"2026-05-08T14:48:44","modified_gmt":"2026-05-08T14:48:44","slug":"aktywnosci","status":"publish","type":"page","link":"https:\/\/freerangekids.pl\/index.php\/aktywnosci\/","title":{"rendered":"Aktywno\u015bci"},"content":{"rendered":"<p>[et_pb_section fb_built=&#8221;1&#8243; _builder_version=&#8221;4.27.6&#8243; _module_preset=&#8221;default&#8221; global_colors_info=&#8221;{}&#8221;][et_pb_row _builder_version=&#8221;4.27.6&#8243; _module_preset=&#8221;default&#8221; global_colors_info=&#8221;{}&#8221;][et_pb_column type=&#8221;4_4&#8243; _builder_version=&#8221;4.27.6&#8243; _module_preset=&#8221;default&#8221; global_colors_info=&#8221;{}&#8221;][et_pb_text _builder_version=&#8221;4.27.6&#8243; _module_preset=&#8221;default&#8221; global_colors_info=&#8221;{}&#8221;]<\/p>\n<div style=\"text-align: justify;\">Najbli\u017cszy rok b\u0119dzie obfitowa\u0142 w niespodzianki, szczeg\u00f3lnie zaskoczeni mog\u0105 by\u0107 stali bywalcy naszych p\u00f3\u0142kolonii. Planujemy bowiem seri\u0119 warsztat\u00f3w, zapraszamy do siebie ciekawych ludzi, od kt\u00f3rych b\u0119dziemy czerpa\u0107 inspiracj\u0119 i kt\u00f3rzy pojawi\u0105 si\u0119\u00a0\u017ceby\u00a0podzieli\u0107 si\u0119 swoimi talentami. Powstaje tak\u017ce domek na drzewach, szczeg\u00f3\u0142y wkr\u00f3tce&#8230;<\/div>\n<div style=\"text-align: justify;\">Do sta\u0142ych element\u00f3w naszej infrastruktury nale\u017c\u0105:<\/div>\n<div style=\"text-align: justify;\">stara dobra stodo\u0142a, \u015bwiadek szalonych zabaw i dyskotek, pe\u0142ni\u0105ca tak\u017ce rol\u0119 kina, jadalni i po prostu schronienia przed ulewnym deszczem namiot dzwonkowy, wodoodporny mieszcz\u0105cy ca\u0142\u0105 grup\u0119, chroni od upa\u0142u i deszczu, strefa relaksu, ch\u0119tnie wykorzystywany na chwil\u0119\u00a0odpoczynku. Pod r\u0119k\u0105 s\u0105 gry planszowe, przybory plastyczne, ksi\u0105\u017cki<\/div>\n<div style=\"text-align: justify;\">Geodom g\u0142\u00f3wne miejsce spotka\u0144. Tu zostawiamy swoje plecaki, mamy zapas wody, apteczk\u0119,\u00a0 siadamy do sto\u0142u, \u017ceby co\u015b przek\u0105si\u0107, planujemy aktywno\u015bci, dyskutujemy.<\/div>\n<div style=\"text-align: justify;\">S\u0142omiany\u00a0fort, absolutny faworyt, g\u0142\u00f3wna atrakcja, miejsce opanowane przez dzieci, podzielone strefami wp\u0142yw\u00f3w, w jego korytarzach powstaje kolejne pu\u0142apki, pomieszczenia, kryj\u00f3wki. D\u0142ugie spodnie wskazane przy intensywnych wspinaczkach:)<\/div>\n<div style=\"text-align: justify;\">Kuchnia b\u0142otna ci\u0105gle rozbudowywana przez dzieci, strefa linowo hamakowa, k\u0105cik majsterkowicza<\/div>\n<p>[\/et_pb_text][\/et_pb_column][\/et_pb_row][et_pb_row column_structure=&#8221;1_2,1_2&#8243; _builder_version=&#8221;4.27.6&#8243; _module_preset=&#8221;default&#8221; global_colors_info=&#8221;{}&#8221;][et_pb_column type=&#8221;1_2&#8243; _builder_version=&#8221;4.27.6&#8243; _module_preset=&#8221;default&#8221; global_colors_info=&#8221;{}&#8221;][et_pb_text _builder_version=&#8221;4.27.6&#8243; _module_preset=&#8221;default&#8221; hover_enabled=&#8221;0&#8243; sticky_enabled=&#8221;0&#8243; custom_padding=&#8221;||83px|||&#8221;]<\/p>\n<p><i><\/i><\/p>\n<p><i><\/i><\/p>\n<p><i><\/i><\/p>\n<p><i><\/i><\/p>\n<p><i><\/i><\/p>\n<p><i>Dzieci nie licz\u0105 czasu tote\u017c wystarcza im go na gruntowne obserwacje<\/i><span>. <\/span><\/p>\n<p><span>Jacob Bosshart<\/span><\/p>\n<p>[\/et_pb_text][\/et_pb_column][et_pb_column type=&#8221;1_2&#8243; _builder_version=&#8221;4.27.6&#8243; _module_preset=&#8221;default&#8221; global_colors_info=&#8221;{}&#8221;][et_pb_image src=&#8221;http:\/\/freerangekids.pl\/wp-content\/uploads\/2026\/05\/dziewczynkifreerangekids.png&#8221; title_text=&#8221;dziewczynkifreerangekids&#8221; align=&#8221;right&#8221; _builder_version=&#8221;4.27.6&#8243; _module_preset=&#8221;default&#8221; width=&#8221;100%&#8221; hover_enabled=&#8221;0&#8243; global_colors_info=&#8221;{}&#8221; sticky_enabled=&#8221;0&#8243;][\/et_pb_image][\/et_pb_column][\/et_pb_row][\/et_pb_section]<\/p>\n","protected":false},"excerpt":{"rendered":"<p>Najbli\u017cszy rok b\u0119dzie obfitowa\u0142 w niespodzianki, szczeg\u00f3lnie zaskoczeni mog\u0105 by\u0107 stali bywalcy naszych p\u00f3\u0142kolonii. Planujemy bowiem seri\u0119 warsztat\u00f3w, zapraszamy do siebie ciekawych ludzi, od kt\u00f3rych b\u0119dziemy czerpa\u0107 inspiracj\u0119 i kt\u00f3rzy pojawi\u0105 si\u0119\u00a0\u017ceby\u00a0podzieli\u0107 si\u0119 swoimi talentami. Powstaje tak\u017ce domek na drzewach, szczeg\u00f3\u0142y wkr\u00f3tce&#8230; Do sta\u0142ych element\u00f3w naszej infrastruktury nale\u017c\u0105: stara dobra stodo\u0142a, \u015bwiadek szalonych zabaw i [&hellip;]<\/p>\n","protected":false},"author":1,"featured_media":0,"parent":0,"menu_order":0,"comment_status":"closed","ping_status":"closed","template":"","meta":{"_et_pb_use_builder":"on","_et_pb_old_content":"","_et_gb_content_width":"","footnotes":""},"class_list":["post-221","page","type-page","status-publish","hentry"],"_links":{"self":[{"href":"https:\/\/freerangekids.pl\/index.php\/wp-json\/wp\/v2\/pages\/221","targetHints":{"allow":["GET"]}}],"collection":[{"href":"https:\/\/freerangekids.pl\/index.php\/wp-json\/wp\/v2\/pages"}],"about":[{"href":"https:\/\/freerangekids.pl\/index.php\/wp-json\/wp\/v2\/types\/page"}],"author":[{"embeddable":true,"href":"https:\/\/freerangekids.pl\/index.php\/wp-json\/wp\/v2\/users\/1"}],"replies":[{"embeddable":true,"href":"https:\/\/freerangekids.pl\/index.php\/wp-json\/wp\/v2\/comments?post=221"}],"version-history":[{"count":4,"href":"https:\/\/freerangekids.pl\/index.php\/wp-json\/wp\/v2\/pages\/221\/revisions"}],"predecessor-version":[{"id":323,"href":"https:\/\/freerangekids.pl\/index.php\/wp-json\/wp\/v2\/pages\/221\/revisions\/323"}],"wp:attachment":[{"href":"https:\/\/freerangekids.pl\/index.php\/wp-json\/wp\/v2\/media?parent=221"}],"curies":[{"name":"wp","href":"https:\/\/api.w.org\/{rel}","templated":true}]}}