{"id":216,"date":"2026-05-07T20:52:53","date_gmt":"2026-05-07T20:52:53","guid":{"rendered":"https:\/\/freerangekids.pl\/?page_id=216"},"modified":"2026-05-07T21:02:03","modified_gmt":"2026-05-07T21:02:03","slug":"nasze-gospodarstwo","status":"publish","type":"page","link":"https:\/\/freerangekids.pl\/index.php\/nasze-gospodarstwo\/","title":{"rendered":"NASZE GOSPODARSTWO"},"content":{"rendered":"<p>[et_pb_section fb_built=&#8221;1&#8243; theme_builder_area=&#8221;post_content&#8221; _builder_version=&#8221;4.27.6&#8243; _module_preset=&#8221;default&#8221;][et_pb_row _builder_version=&#8221;4.27.6&#8243; _module_preset=&#8221;default&#8221; theme_builder_area=&#8221;post_content&#8221;][et_pb_column _builder_version=&#8221;4.27.6&#8243; _module_preset=&#8221;default&#8221; type=&#8221;4_4&#8243; theme_builder_area=&#8221;post_content&#8221;][et_pb_text _builder_version=&#8221;4.27.6&#8243; _module_preset=&#8221;default&#8221; theme_builder_area=&#8221;post_content&#8221; hover_enabled=&#8221;0&#8243; sticky_enabled=&#8221;0&#8243;]<\/p>\n<div style=\"text-align: justify;\">Zapraszamy do naszego rodzinnego gospodarstwa, kt\u00f3re\u00a0ju\u017c od prawie 15 lat prowadzimy metod\u0105 ekologiczn\u0105. U nas dzieci maj\u0105 okazj\u0119 obserwowa\u0107 i bra\u0107 udzia\u0142 w codziennych czynno\u015bciach, takich jak\u00a0 karmienie zwierz\u0105t, dojenie krowy, zbieranie jajek,. Przyjrze\u0107 si\u0119 z bliska maszynom, pracy w gospodarstwie, zrozumie\u0107 Co? Po czym? Dlaczego?. Czasami mog\u0105 prze\u017cy\u0107 wyj\u0105tkowe sytuacje, takie jak \u017cniwa czy spotkanie z nowonarodzonym ciel\u0119ciem lub \u017arebi\u0119ciem.\u00a0<\/div>\n<div style=\"text-align: justify;\">W naszych sadach rosn\u0105 stare odmiany jab\u0142oni, maliny, porzeczki, agrest i poziomki, stanowi\u0105 popularn\u0105 przek\u0105sk\u0119 w\u015br\u00f3d naszych ma\u0142ych go\u015bci, nie wspominaj\u0105c o truskawkach.\u00a0 Tak jak pomidory prosto z krzaczka, marchewki z grz\u0105dki czy ziemniaki z ogniska, uprzednio samodzielnie wykopane\u00a0.\u00a0<\/div>\n<div style=\"text-align: justify;\">Nasze podw\u00f3rkowe koty i pies s\u0105 przyjazne i bardzo towarzyskie, jednak nie lubi\u0105 si\u0119 narzuca\u0107, wychodz\u0105 na wyra\u017an\u0105 pro\u015bb\u0119\u00a0go\u015bci.<\/div>\n<p>[\/et_pb_text][\/et_pb_column][\/et_pb_row][et_pb_row _builder_version=&#8221;4.27.6&#8243; _module_preset=&#8221;default&#8221; column_structure=&#8221;1_2,1_2&#8243; theme_builder_area=&#8221;post_content&#8221;][et_pb_column _builder_version=&#8221;4.27.6&#8243; _module_preset=&#8221;default&#8221; type=&#8221;1_2&#8243; theme_builder_area=&#8221;post_content&#8221;][\/et_pb_column][et_pb_column _builder_version=&#8221;4.27.6&#8243; _module_preset=&#8221;default&#8221; type=&#8221;1_2&#8243; theme_builder_area=&#8221;post_content&#8221;][et_pb_image src=&#8221;http:\/\/freerangekids.pl\/wp-content\/uploads\/2026\/04\/rysunek5-scaled-e1778186524461.png&#8221; _builder_version=&#8221;4.27.6&#8243; _module_preset=&#8221;default&#8221; theme_builder_area=&#8221;post_content&#8221; title_text=&#8221;freerangeeazugustow&#8221; hover_enabled=&#8221;0&#8243; sticky_enabled=&#8221;0&#8243;][\/et_pb_image][\/et_pb_column][\/et_pb_row][\/et_pb_section]<\/p>\n","protected":false},"excerpt":{"rendered":"<p>Zapraszamy do naszego rodzinnego gospodarstwa, kt\u00f3re\u00a0ju\u017c od prawie 15 lat prowadzimy metod\u0105 ekologiczn\u0105. U nas dzieci maj\u0105 okazj\u0119 obserwowa\u0107 i bra\u0107 udzia\u0142 w codziennych czynno\u015bciach, takich jak\u00a0 karmienie zwierz\u0105t, dojenie krowy, zbieranie jajek,. Przyjrze\u0107 si\u0119 z bliska maszynom, pracy w gospodarstwie, zrozumie\u0107 Co? Po czym? Dlaczego?. Czasami mog\u0105 prze\u017cy\u0107 wyj\u0105tkowe sytuacje, takie jak \u017cniwa czy [&hellip;]<\/p>\n","protected":false},"author":1,"featured_media":0,"parent":0,"menu_order":0,"comment_status":"closed","ping_status":"closed","template":"","meta":{"_et_pb_use_builder":"on","_et_pb_old_content":"","_et_gb_content_width":"","footnotes":""},"class_list":["post-216","page","type-page","status-publish","hentry"],"_links":{"self":[{"href":"https:\/\/freerangekids.pl\/index.php\/wp-json\/wp\/v2\/pages\/216","targetHints":{"allow":["GET"]}}],"collection":[{"href":"https:\/\/freerangekids.pl\/index.php\/wp-json\/wp\/v2\/pages"}],"about":[{"href":"https:\/\/freerangekids.pl\/index.php\/wp-json\/wp\/v2\/types\/page"}],"author":[{"embeddable":true,"href":"https:\/\/freerangekids.pl\/index.php\/wp-json\/wp\/v2\/users\/1"}],"replies":[{"embeddable":true,"href":"https:\/\/freerangekids.pl\/index.php\/wp-json\/wp\/v2\/comments?post=216"}],"version-history":[{"count":3,"href":"https:\/\/freerangekids.pl\/index.php\/wp-json\/wp\/v2\/pages\/216\/revisions"}],"predecessor-version":[{"id":231,"href":"https:\/\/freerangekids.pl\/index.php\/wp-json\/wp\/v2\/pages\/216\/revisions\/231"}],"wp:attachment":[{"href":"https:\/\/freerangekids.pl\/index.php\/wp-json\/wp\/v2\/media?parent=216"}],"curies":[{"name":"wp","href":"https:\/\/api.w.org\/{rel}","templated":true}]}}